{"id":948,"date":"2025-12-17T07:36:47","date_gmt":"2025-12-17T07:36:47","guid":{"rendered":"https:\/\/fujiroki.vn\/?post_type=product&#038;p=948"},"modified":"2026-03-12T07:35:00","modified_gmt":"2026-03-12T07:35:00","slug":"may-hut-am-loc-khong-khi-fujiroki-fj-25xw","status":"publish","type":"product","link":"https:\/\/fujiroki.vn\/?product=may-hut-am-loc-khong-khi-fujiroki-fj-25xw","title":{"rendered":"M\u00c1Y H\u00daT \u1ea8M \u2013 L\u1eccC KH\u00d4NG KH\u00cd FUJIROKI FJ-25XW"},"content":{"rendered":"<h3 data-start=\"151\" data-end=\"212\">\ud83c\udf27\ufe0f <strong data-start=\"159\" data-end=\"206\">M\u00c1Y H\u00daT \u1ea8M \u2013 L\u1eccC KH\u00d4NG KH\u00cd FUJIROKI FJ-25XW<\/strong> \ud83c\udf27\ufe0f<\/h3>\n<h4 data-start=\"591\" data-end=\"620\">\u2699\ufe0f <strong data-start=\"599\" data-end=\"620\">Th\u00f4ng s\u1ed1 k\u1ef9 thu\u1eadt<\/strong><\/h4>\n<div class=\"_tableContainer_1rjym_1\">\n<div class=\"group _tableWrapper_1rjym_13 flex w-fit flex-col-reverse\" tabindex=\"-1\">\n<table class=\"w-fit min-w-(--thread-content-width)\" style=\"width: 63.4319%; height: 464px;\" data-start=\"621\" data-end=\"1344\">\n<thead data-start=\"621\" data-end=\"643\">\n<tr style=\"height: 21px;\" data-start=\"621\" data-end=\"643\">\n<th style=\"height: 21px;\" data-start=\"621\" data-end=\"632\" data-col-size=\"sm\">Th\u00f4ng s\u1ed1<\/th>\n<th style=\"height: 21px;\" data-start=\"632\" data-end=\"643\" data-col-size=\"md\">Gi\u00e1 tr\u1ecb<\/th>\n<\/tr>\n<\/thead>\n<tbody data-start=\"669\" data-end=\"1344\">\n<tr style=\"height: 21px;\" data-start=\"669\" data-end=\"701\">\n<td style=\"height: 21px;\" data-start=\"669\" data-end=\"681\" data-col-size=\"sm\"><strong data-start=\"671\" data-end=\"680\">Model<\/strong><\/td>\n<td style=\"height: 21px;\" data-col-size=\"md\" data-start=\"681\" data-end=\"701\">FUJIROKI FJ-25XW<\/td>\n<\/tr>\n<tr style=\"height: 21px;\" data-start=\"702\" data-end=\"754\">\n<td style=\"height: 21px;\" data-start=\"702\" data-end=\"725\" data-col-size=\"sm\"><strong data-start=\"704\" data-end=\"724\">C\u00f4ng su\u1ea5t h\u00fat \u1ea9m<\/strong><\/td>\n<td style=\"height: 21px;\" data-col-size=\"md\" data-start=\"725\" data-end=\"754\">25 l\u00edt\/ng\u00e0y (30\u00b0C, 80%RH)<\/td>\n<\/tr>\n<tr style=\"height: 21px;\" data-start=\"755\" data-end=\"788\">\n<td style=\"height: 21px;\" data-start=\"755\" data-end=\"772\" data-col-size=\"sm\"><strong data-start=\"757\" data-end=\"771\">Ngu\u1ed3n \u0111i\u1ec7n<\/strong><\/td>\n<td style=\"height: 21px;\" data-col-size=\"md\" data-start=\"772\" data-end=\"788\">220V \/ 1 pha<\/td>\n<\/tr>\n<tr style=\"height: 21px;\" data-start=\"789\" data-end=\"834\">\n<td style=\"height: 21px;\" data-start=\"789\" data-end=\"814\" data-col-size=\"sm\"><strong data-start=\"791\" data-end=\"813\">C\u00f4ng su\u1ea5t ti\u00eau th\u1ee5<\/strong><\/td>\n<td style=\"height: 21px;\" data-col-size=\"md\" data-start=\"814\" data-end=\"834\">339W (with HEPA)<\/td>\n<\/tr>\n<tr style=\"height: 21px;\" data-start=\"835\" data-end=\"879\">\n<td style=\"height: 21px;\" data-start=\"835\" data-end=\"855\" data-col-size=\"sm\"><strong data-start=\"837\" data-end=\"854\">L\u01b0u l\u01b0\u1ee3ng gi\u00f3<\/strong><\/td>\n<td style=\"height: 21px;\" data-col-size=\"md\" data-start=\"855\" data-end=\"879\">150 m\u00b3\/h (with HEPA)<\/td>\n<\/tr>\n<tr style=\"height: 21px;\" data-start=\"880\" data-end=\"935\">\n<td style=\"height: 21px;\" data-start=\"880\" data-end=\"906\" data-col-size=\"sm\"><strong data-start=\"882\" data-end=\"905\">M\u00f4i tr\u01b0\u1eddng l\u00e0m vi\u1ec7c<\/strong><\/td>\n<td style=\"height: 21px;\" data-col-size=\"md\" data-start=\"906\" data-end=\"935\">5\u00b0C \u2013 35\u00b0C \/ 10% \u2013 90% RH<\/td>\n<\/tr>\n<tr style=\"height: 21px;\" data-start=\"936\" data-end=\"964\">\n<td style=\"height: 21px;\" data-start=\"936\" data-end=\"956\" data-col-size=\"sm\"><strong data-start=\"938\" data-end=\"955\">Ch\u1ea5t l\u00e0m l\u1ea1nh<\/strong><\/td>\n<td style=\"height: 21px;\" data-col-size=\"md\" data-start=\"956\" data-end=\"964\">R134<\/td>\n<\/tr>\n<tr style=\"height: 21px;\" data-start=\"965\" data-end=\"990\">\n<td style=\"height: 21px;\" data-start=\"965\" data-end=\"977\" data-col-size=\"sm\"><strong data-start=\"967\" data-end=\"976\">\u0110\u1ed9 \u1ed3n<\/strong><\/td>\n<td style=\"height: 21px;\" data-col-size=\"md\" data-start=\"977\" data-end=\"990\">\u2264 <em>38dB(A)<\/em><\/td>\n<\/tr>\n<tr style=\"height: 21px;\" data-start=\"991\" data-end=\"1026\">\n<td style=\"height: 21px;\" data-start=\"991\" data-end=\"1017\" data-col-size=\"sm\"><strong data-start=\"993\" data-end=\"1016\">Dung t\u00edch b\u00ecnh ch\u1ee9a<\/strong><\/td>\n<td style=\"height: 21px;\" data-col-size=\"md\" data-start=\"1017\" data-end=\"1026\">3 l\u00edt<\/td>\n<\/tr>\n<tr style=\"height: 21px;\" data-start=\"1027\" data-end=\"1078\">\n<td style=\"height: 21px;\" data-start=\"1027\" data-end=\"1040\" data-col-size=\"sm\"><strong data-start=\"1029\" data-end=\"1039\">B\u1ed9 l\u1ecdc<\/strong><\/td>\n<td style=\"height: 21px;\" data-col-size=\"md\" data-start=\"1040\" data-end=\"1078\">M\u00e0ng l\u1ecdc th\u00f4 + HEPA (H13) + Carbon<\/td>\n<\/tr>\n<tr style=\"height: 21px;\" data-start=\"1079\" data-end=\"1142\">\n<td style=\"height: 21px;\" data-start=\"1079\" data-end=\"1095\" data-col-size=\"sm\"><strong data-start=\"1081\" data-end=\"1094\">Ch\u1ee9c n\u0103ng<\/strong><\/td>\n<td style=\"height: 21px;\" data-col-size=\"md\" data-start=\"1095\" data-end=\"1142\">H\u00fat \u1ea9m \/ L\u1ecdc kh\u00f4ng kh\u00ed (HEPA) \/ Anion \/ S\u1ea5y<\/td>\n<\/tr>\n<tr style=\"height: 21px;\" data-start=\"1143\" data-end=\"1182\">\n<td style=\"height: 21px;\" data-start=\"1143\" data-end=\"1167\" data-col-size=\"sm\"><strong data-start=\"1145\" data-end=\"1166\">Ph\u1ea1m vi ho\u1ea1t \u0111\u1ed9ng<\/strong><\/td>\n<td style=\"height: 21px;\" data-col-size=\"md\" data-start=\"1167\" data-end=\"1182\">40\u2013 75 m\u00b2<\/td>\n<\/tr>\n<tr style=\"height: 21px;\" data-start=\"1183\" data-end=\"1231\">\n<td style=\"height: 21px;\" data-start=\"1183\" data-end=\"1209\" data-col-size=\"sm\"><strong data-start=\"1185\" data-end=\"1208\">K\u00edch th\u01b0\u1edbc s\u1ea3n ph\u1ea9m<\/strong><\/td>\n<td style=\"height: 21px;\" data-col-size=\"md\" data-start=\"1209\" data-end=\"1231\">320 \u00d7 260 \u00d7 550 mm<\/td>\n<\/tr>\n<tr style=\"height: 21px;\" data-start=\"1232\" data-end=\"1261\">\n<td style=\"height: 21px;\" data-start=\"1232\" data-end=\"1250\" data-col-size=\"sm\"><strong data-start=\"1234\" data-end=\"1249\">Tr\u1ecdng l\u01b0\u1ee3ng<\/strong><\/td>\n<td style=\"height: 21px;\" data-col-size=\"md\" data-start=\"1250\" data-end=\"1261\">14,5 kg<\/td>\n<\/tr>\n<tr style=\"height: 43px;\" data-start=\"1262\" data-end=\"1344\">\n<td style=\"height: 43px;\" data-start=\"1262\" data-end=\"1291\" data-col-size=\"sm\"><strong data-start=\"1264\" data-end=\"1290\">Xu\u1ea5t x\u1ee9 \/ Nh\u00e0 s\u1ea3n xu\u1ea5t<\/strong><\/td>\n<td style=\"height: 43px;\" data-col-size=\"md\" data-start=\"1291\" data-end=\"1344\"><strong data-start=\"1293\" data-end=\"1342\">Dorosin (li\u00ean k\u1ebft s\u1ea3n xu\u1ea5t Fujiroki Electric)<\/strong><\/td>\n<\/tr>\n<\/tbody>\n<\/table>\n<\/div>\n<\/div>\n<p data-start=\"213\" data-end=\"341\"><strong data-start=\"213\" data-end=\"341\">C\u00f4ng su\u1ea5t h\u00fat \u1ea9m m\u1ea1nh m\u1ebd 25 l\u00edt\/ng\u00e0y | L\u1ecdc kh\u00f4ng kh\u00ed HEPA &amp; Than ho\u1ea1t t\u00ednh | Hong kh\u00f4 qu\u1ea7n \u00e1o | B\u1ea3o h\u00e0nh ch\u00ednh h\u00e3ng 12 th\u00e1ng<\/strong><\/p>\n<hr data-start=\"343\" data-end=\"346\" \/>\n<h4 data-start=\"348\" data-end=\"378\">\ud83d\udd39 <strong data-start=\"356\" data-end=\"378\">T\u1ed5ng quan s\u1ea3n ph\u1ea9m<\/strong><\/h4>\n<p data-start=\"379\" data-end=\"584\"><strong data-start=\"379\" data-end=\"399\">Fujiroki FJ-25XW<\/strong> l\u00e0 d\u00f2ng m\u00e1y h\u00fat \u1ea9m v\u00e0 l\u1ecdc kh\u00f4ng kh\u00ed cao c\u1ea5p, thi\u1ebft k\u1ebf hi\u1ec7n \u0111\u1ea1i, ho\u1ea1t \u0111\u1ed9ng \u00eam \u00e1i, mang l\u1ea1i kh\u00f4ng gian s\u1ed1ng kh\u00f4 r\u00e1o, trong l\u00e0nh \u2013 \u0111\u1eb7c bi\u1ec7t ph\u00f9 h\u1ee3p v\u1edbi th\u1eddi ti\u1ebft \u1ea9m n\u1ed3m mi\u1ec1n B\u1eafc Vi\u1ec7t Nam.<\/p>\n<h4 data-start=\"1837\" data-end=\"1870\">\ud83e\uddfe <strong data-start=\"1845\" data-end=\"1870\">B\u1ea3o h\u00e0nh &amp; Ch\u00ednh s\u00e1ch<\/strong><\/h4>\n<ul data-start=\"1871\" data-end=\"2116\">\n<li data-start=\"1871\" data-end=\"1917\">\n<p data-start=\"1873\" data-end=\"1917\"><strong data-start=\"1873\" data-end=\"1915\">B\u1ea3o h\u00e0nh ch\u00ednh h\u00e3ng Fujiroki 12 th\u00e1ng.<\/strong><\/p>\n<\/li>\n<li data-start=\"1918\" data-end=\"1975\">\n<p data-start=\"1920\" data-end=\"1975\"><strong data-start=\"1920\" data-end=\"1973\">M\u00e1y m\u1edbi 100%, c\u00f3 \u0111\u1ea7y \u0111\u1ee7 h\u00f3a \u0111\u01a1n, ch\u1ee9ng t\u1eeb, CO\/CQ.<\/strong><\/p>\n<\/li>\n<li data-start=\"1976\" data-end=\"2116\">\n<p data-start=\"1978\" data-end=\"2116\">H\u1ed7 tr\u1ee3 \u0111\u1ea1i l\u00fd v\u00e0 nh\u00e0 ph\u00e2n ph\u1ed1i to\u00e0n qu\u1ed1c v\u1edbi <strong data-start=\"2023\" data-end=\"2056\">ch\u00ednh s\u00e1ch chi\u1ebft kh\u1ea5u h\u1ea5p d\u1eabn<\/strong>, <strong data-start=\"2058\" data-end=\"2116\">giao h\u00e0ng nhanh \u2013 h\u1ed7 tr\u1ee3 marketing \u2013 b\u1ea3o h\u00e0nh t\u1eadn n\u01a1i.<\/strong><\/p>\n<\/li>\n<\/ul>\n<h4 data-start=\"1351\" data-end=\"1380\">\ud83c\udf1f <strong data-start=\"1359\" data-end=\"1380\">T\u00ednh n\u0103ng n\u1ed5i b\u1eadt<\/strong><\/h4>\n<p data-start=\"1381\" data-end=\"1830\">\u2705 <strong data-start=\"1383\" data-end=\"1410\">H\u00fat \u1ea9m m\u1ea1nh m\u1ebd 25L\/ng\u00e0y<\/strong> \u2013 Gi\u1eef kh\u00f4ng gian lu\u00f4n kh\u00f4 tho\u00e1ng, b\u1ea3o v\u1ec7 \u0111\u1ed3 g\u1ed7, \u0111i\u1ec7n t\u1eed, gi\u1ea5y t\u1edd, qu\u1ea7n \u00e1o.<br data-start=\"1485\" data-end=\"1488\" \/>\u2705 <strong data-start=\"1490\" data-end=\"1533\">L\u1ecdc kh\u00f4ng kh\u00ed k\u00e9p HEPA + than ho\u1ea1t t\u00ednh<\/strong> \u2013 Lo\u1ea1i b\u1ecf b\u1ee5i m\u1ecbn, kh\u1eed m\u00f9i, gi\u00fap kh\u00f4ng kh\u00ed trong l\u00e0nh.<br data-start=\"1588\" data-end=\"1591\" \/>\u2705 <strong data-start=\"1593\" data-end=\"1623\">Ch\u1ebf \u0111\u1ed9 s\u1ea5y qu\u1ea7n \u00e1o t\u1ef1 \u0111\u1ed9ng<\/strong> \u2013 H\u1ed7 tr\u1ee3 hong kh\u00f4 nhanh, ti\u1ec7n l\u1ee3i trong m\u00f9a n\u1ed3m.<br data-start=\"1672\" data-end=\"1675\" \/>\u2705 <strong data-start=\"1677\" data-end=\"1701\">V\u1eadn h\u00e0nh \u00eam \u00e1i \u226442dB<\/strong> \u2013 Th\u00edch h\u1ee3p cho ph\u00f2ng ng\u1ee7, v\u0103n ph\u00f2ng, ph\u00f2ng tr\u1ebb nh\u1ecf.<br data-start=\"1754\" data-end=\"1757\" \/>\u2705 <strong data-start=\"1759\" data-end=\"1828\">T\u1ef1 ng\u1eaft khi \u0111\u1ea7y b\u00ecnh, h\u1eb9n gi\u1edd th\u00f4ng minh, c\u1ea3m bi\u1ebfn \u0111\u1ed9 \u1ea9m t\u1ef1 \u0111\u1ed9ng.<\/strong><\/p>\n<p data-start=\"1381\" data-end=\"1830\">\u2705 <strong data-start=\"1759\" data-end=\"1828\">App \u0111i\u1ec1u khi\u1ec3n t\u1eeb xa th\u00f4ng minh<\/strong><\/p>\n","protected":false},"excerpt":{"rendered":"<ul>\n<li>M\u00e1y H\u00fat \u1ea8m &amp; L\u1ecdc Kh\u00f4ng Kh\u00ed 01<\/li>\n<li>Ti\u00ean Phong Trong C\u00f4ng Ngh\u1ec7 H\u00fat \u1ea8m S\u1ed1 1 Th\u1ebf Gi\u1edbi<\/li>\n<li>Th\u01b0\u01a1ng hi\u1ec7u h\u00e0ng \u0111\u1ea7u<\/li>\n<\/ul>\n<p><b>C\u00f9ng Fujiroki t\u00ecm hi\u1ec3u chi ti\u1ebft v\u1ec1 s\u1ea3n ph\u1ea9m nh\u00e9.<\/b><\/p>\n","protected":false},"featured_media":959,"comment_status":"open","ping_status":"closed","template":"","meta":{"inline_featured_image":false},"product_brand":[],"product_cat":[15],"product_tag":[],"class_list":{"0":"post-948","1":"product","2":"type-product","3":"status-publish","4":"has-post-thumbnail","6":"product_cat-may-hut-am","8":"first","9":"instock","10":"sale","11":"shipping-taxable","12":"purchasable","13":"product-type-simple"},"_links":{"self":[{"href":"https:\/\/fujiroki.vn\/index.php?rest_route=\/wp\/v2\/product\/948","targetHints":{"allow":["GET"]}}],"collection":[{"href":"https:\/\/fujiroki.vn\/index.php?rest_route=\/wp\/v2\/product"}],"about":[{"href":"https:\/\/fujiroki.vn\/index.php?rest_route=\/wp\/v2\/types\/product"}],"replies":[{"embeddable":true,"href":"https:\/\/fujiroki.vn\/index.php?rest_route=%2Fwp%2Fv2%2Fcomments&post=948"}],"wp:featuredmedia":[{"embeddable":true,"href":"https:\/\/fujiroki.vn\/index.php?rest_route=\/wp\/v2\/media\/959"}],"wp:attachment":[{"href":"https:\/\/fujiroki.vn\/index.php?rest_route=%2Fwp%2Fv2%2Fmedia&parent=948"}],"wp:term":[{"taxonomy":"product_brand","embeddable":true,"href":"https:\/\/fujiroki.vn\/index.php?rest_route=%2Fwp%2Fv2%2Fproduct_brand&post=948"},{"taxonomy":"product_cat","embeddable":true,"href":"https:\/\/fujiroki.vn\/index.php?rest_route=%2Fwp%2Fv2%2Fproduct_cat&post=948"},{"taxonomy":"product_tag","embeddable":true,"href":"https:\/\/fujiroki.vn\/index.php?rest_route=%2Fwp%2Fv2%2Fproduct_tag&post=948"}],"curies":[{"name":"wp","href":"https:\/\/api.w.org\/{rel}","templated":true}]}}