{"id":804,"date":"2025-02-21T14:08:14","date_gmt":"2025-02-21T14:08:14","guid":{"rendered":"https:\/\/fujiroki.vn\/?post_type=product&#038;p=804"},"modified":"2025-02-21T14:17:57","modified_gmt":"2025-02-21T14:17:57","slug":"may-hut-am-noi-dia-dorosin-er-620b","status":"publish","type":"product","link":"https:\/\/fujiroki.vn\/?product=may-hut-am-noi-dia-dorosin-er-620b","title":{"rendered":"M\u00e1y h\u00fat \u1ea9m n\u1ed9i \u0111\u1ecba Dorosin ER-620B"},"content":{"rendered":"<p><strong>\ud83d\udd27 T\u00ednh N\u0103ng N\u1ed5i B\u1eadt<\/strong>:<\/p>\n<ul>\n<li><strong>B\u1ed9 h\u1eb9n gi\u1edd<\/strong>: C\u00f3 th\u1ec3 c\u00e0i \u0111\u1eb7t t\u1eeb 1-24 gi\u1edd<\/li>\n<li><strong>M\u00e1y n\u00e9n<\/strong>: S\u1eed d\u1ee5ng m\u00e1y n\u00e9n\u00a0<strong>Panasonic<\/strong>\u00a0b\u1ec1n b\u1ec9<\/li>\n<li><strong>Ch\u1ea5t l\u00e0m l\u1ea1nh<\/strong>:\u00a0R134A, an to\u00e0n v\u1edbi m\u00f4i tr\u01b0\u1eddng<\/li>\n<li><strong>Ch\u1ee9c n\u0103ng l\u1ecdc kh\u00f4ng kh\u00ed<\/strong>:\n<ul>\n<li>M\u00e0ng l\u1ecdc kh\u00ed\u00a0v\u00e0\u00a0t\u1ea1o ion \u00e2m\u00a0gi\u00fap thanh l\u1ecdc kh\u00f4ng kh\u00ed<\/li>\n<li>K\u1ebft h\u1ee3p gi\u1eefa h\u00fat \u1ea9m m\u1ea1nh m\u1ebd v\u00e0 thanh l\u1ecdc kh\u00f4ng kh\u00ed<\/li>\n<\/ul>\n<\/li>\n<\/ul>\n<p><strong>\ud83d\udca1 L\u1ee3i \u00cdch S\u1eed D\u1ee5ng<\/strong>:<\/p>\n<ul>\n<li><strong>Ti\u1ebft ki\u1ec7m n\u0103ng l\u01b0\u1ee3ng<\/strong>: Hi\u1ec7u su\u1ea5t cao, gi\u1ea3m chi ph\u00ed \u0111i\u1ec7n<\/li>\n<li><strong>An to\u00e0n khi s\u1eed d\u1ee5ng<\/strong>:\n<ul>\n<li>T\u1ef1 \u0111\u1ed9ng ng\u1eebng ho\u1ea1t \u0111\u1ed9ng khi tank n\u01b0\u1edbc \u0111\u1ea7y<\/li>\n<li>C\u00f3\u00a0\u0111\u00e8n b\u00e1o hi\u1ec7u\u00a0ti\u1ec7n l\u1ee3i<\/li>\n<\/ul>\n<\/li>\n<li><strong>K\u1ebft n\u1ed1i \u1ed1ng x\u1ea3<\/strong>: D\u1ec5 d\u00e0ng k\u1ebft n\u1ed1i v\u1edbi \u1ed1ng x\u1ea3 th\u1ea3i ra b\u00ean ngo\u00e0i<\/li>\n<li>\n<h3>C\u00d4NG D\u1ee4NG<\/h3>\n<ul>\n<li>Ki\u1ec3m so\u00e1t \u0111\u1ed9 \u1ea9m: M\u00e1y gi\u00fap duy tr\u00ec \u0111\u1ed9 \u1ea9m trong kh\u00f4ng gian \u1edf m\u1ee9c l\u00fd t\u01b0\u1edfng (th\u01b0\u1eddng kho\u1ea3ng 40-60%), ng\u0103n ch\u1eb7n s\u1ef1 ph\u00e1t tri\u1ec3n c\u1ee7a n\u1ea5m m\u1ed1c v\u00e0 vi khu\u1ea9n g\u00e2y h\u1ea1i.<\/li>\n<li>B\u1ea3o v\u1ec7 s\u1ee9c kh\u1ecfe: Kh\u00f4ng gian \u1ea9m th\u1ea5p c\u00f3 th\u1ec3 g\u00e2y ra c\u00e1c v\u1ea5n \u0111\u1ec1 h\u00f4 h\u1ea5p, d\u1ecb \u1ee9ng, v\u00e0 vi\u00eam da. M\u00e1y h\u00fat \u1ea9m Dorosin l\u00e0m gi\u1ea3m \u0111\u1ed9 \u1ea9m, gi\u00fap kh\u00f4ng kh\u00ed kh\u00f4 tho\u00e1ng h\u01a1n, t\u1eeb \u0111\u00f3 h\u1ea1n ch\u1ebf c\u00e1c b\u1ec7nh l\u00fd li\u00ean quan \u0111\u1ebfn \u0111\u01b0\u1eddng h\u00f4 h\u1ea5p.<\/li>\n<li>B\u1ea3o v\u1ec7 \u0111\u1ed3 \u0111\u1ea1c: C\u00e1c thi\u1ebft b\u1ecb \u0111i\u1ec7n t\u1eed, \u0111\u1ed3 g\u1ed7, t\u00e0i li\u1ec7u v\u00e0 c\u00e1c v\u1eadt d\u1ee5ng kh\u00e1c c\u00f3 th\u1ec3 b\u1ecb h\u01b0 h\u1ecfng do \u0111\u1ed9 \u1ea9m cao. M\u00e1y h\u00fat \u1ea9m gi\u00fap b\u1ea3o v\u1ec7 c\u00e1c \u0111\u1ed3 v\u1eadt n\u00e0y kh\u1ecfi t\u00ecnh tr\u1ea1ng \u1ea9m m\u1ed1c v\u00e0 m\u1ee5c n\u00e1t.<\/li>\n<li>Ng\u0103n ch\u1eb7n m\u00f9i h\u00f4i: \u0110\u1ed9 \u1ea9m cao th\u01b0\u1eddng l\u00e0m xu\u1ea5t hi\u1ec7n m\u00f9i h\u00f4i kh\u00f3 ch\u1ecbu trong kh\u00f4ng gian s\u1ed1ng. M\u00e1y h\u00fat \u1ea9m gi\u00fap lo\u1ea1i b\u1ecf m\u00f9i \u1ea9m m\u1ed1c, t\u1ea1o m\u00f4i tr\u01b0\u1eddng trong l\u00e0nh v\u00e0 tho\u1ea3i m\u00e1i h\u01a1n.<\/li>\n<li>Ti\u1ebft ki\u1ec7m chi ph\u00ed s\u1eeda ch\u1eefa nh\u00e0 c\u1eeda: Vi\u1ec7c ki\u1ec3m so\u00e1t \u0111\u1ed9 \u1ea9m c\u0169ng gi\u00fap gi\u1ea3m thi\u1ec3u t\u00ecnh tr\u1ea1ng \u1ea9m m\u1ed1c tr\u00ean t\u01b0\u1eddng, tr\u1ea7n nh\u00e0 v\u00e0 s\u00e0n, gi\u00fap duy tr\u00ec k\u1ebft c\u1ea5u ng\u00f4i nh\u00e0 v\u00e0 ti\u1ebft ki\u1ec7m chi ph\u00ed b\u1ea3o d\u01b0\u1ee1ng, s\u1eeda ch\u1eefa.<\/li>\n<\/ul>\n<p>T\u00cdNH N\u0102NG CHI TI\u1ebeT<\/p>\n<ul>\n<li>M\u00e1y h\u00fat \u1ea9m Dorosini \u0111\u01b0\u1ee3c trang b\u1ecb nhi\u1ec1u t\u00ednh n\u0103ng hi\u1ec7n \u0111\u1ea1i, nh\u1eb1m n\u00e2ng cao hi\u1ec7u su\u1ea5t ho\u1ea1t \u0111\u1ed9ng v\u00e0 mang l\u1ea1i s\u1ef1 ti\u1ec7n l\u1ee3i cho ng\u01b0\u1eddi d\u00f9ng. D\u01b0\u1edbi \u0111\u00e2y l\u00e0 m\u1ed9t s\u1ed1 t\u00ednh n\u0103ng n\u1ed5i b\u1eadt:<\/li>\n<li>C\u1ea3m bi\u1ebfn \u0111\u1ed9 \u1ea9m th\u00f4ng minh: M\u00e1y h\u00fat \u1ea9m Dorosin th\u01b0\u1eddng c\u00f3 c\u1ea3m bi\u1ebfn t\u1ef1 \u0111\u1ed9ng, gi\u00fap m\u00e1y \u0111o l\u01b0\u1eddng ch\u00ednh x\u00e1c \u0111\u1ed9 \u1ea9m trong kh\u00f4ng kh\u00ed v\u00e0 \u0111i\u1ec1u ch\u1ec9nh ho\u1ea1t \u0111\u1ed9ng \u0111\u1ec3 duy tr\u00ec m\u1ee9c \u0111\u1ed9 \u1ea9m l\u00fd t\u01b0\u1edfng trong ph\u00f2ng.<\/li>\n<li>Ch\u1ebf \u0111\u1ed9 t\u1ef1 \u0111\u1ed9ng ng\u1eaft khi b\u00ecnh ch\u1ee9a \u0111\u1ea7y: Khi b\u00ecnh ch\u1ee9a n\u01b0\u1edbc \u0111\u1ea1t \u0111\u1ebfn m\u1ee9c t\u1ed1i \u0111a, m\u00e1y s\u1ebd t\u1ef1 \u0111\u1ed9ng ng\u1eebng ho\u1ea1t \u0111\u1ed9ng \u0111\u1ec3 tr\u00e1nh tr\u00e0n n\u01b0\u1edbc ra ngo\u00e0i, b\u1ea3o v\u1ec7 thi\u1ebft b\u1ecb v\u00e0 ng\u00f4i nh\u00e0 c\u1ee7a b\u1ea1n.<\/li>\n<li>Ch\u1ee9c n\u0103ng h\u1eb9n gi\u1edd: M\u00e1y cho ph\u00e9p ng\u01b0\u1eddi d\u00f9ng c\u00e0i \u0111\u1eb7t th\u1eddi gian ho\u1ea1t \u0111\u1ed9ng theo nhu c\u1ea7u, gi\u00fap ti\u1ebft ki\u1ec7m \u0111i\u1ec7n n\u0103ng v\u00e0 tr\u00e1nh vi\u1ec7c m\u00e1y ch\u1ea1y li\u00ean t\u1ee5c kh\u00f4ng c\u1ea7n thi\u1ebft.<\/li>\n<li>Ch\u1ebf \u0111\u1ed9 s\u1ea5y kh\u00f4 qu\u1ea7n \u00e1o: Gi\u00fap l\u00e0m kh\u00f4 nhanh qu\u1ea7n \u00e1o trong \u0111i\u1ec1u ki\u1ec7n th\u1eddi ti\u1ebft \u1ea9m \u01b0\u1edbt m\u00e0 kh\u00f4ng c\u1ea7n d\u00f9ng m\u00e1y s\u1ea5y chuy\u00ean d\u1ee5ng.<\/li>\n<li>B\u00e1nh xe di chuy\u1ec3n: Thi\u1ebft k\u1ebf c\u00f3 b\u00e1nh xe gi\u00fap vi\u1ec7c di chuy\u1ec3n m\u00e1y tr\u1edf n\u00ean d\u1ec5 d\u00e0ng h\u01a1n, \u0111\u1eb7c bi\u1ec7t khi c\u1ea7n di chuy\u1ec3n m\u00e1y gi\u1eefa c\u00e1c ph\u00f2ng.<\/li>\n<li>Ch\u1ebf \u0111\u1ed9 ti\u1ebft ki\u1ec7m n\u0103ng l\u01b0\u1ee3ng: M\u00e1y h\u00fat \u1ea9m Dorosin \u0111\u01b0\u1ee3c thi\u1ebft k\u1ebf \u0111\u1ec3 ho\u1ea1t \u0111\u1ed9ng hi\u1ec7u qu\u1ea3 m\u00e0 kh\u00f4ng ti\u00eau t\u1ed1n nhi\u1ec1u \u0111i\u1ec7n n\u0103ng, gi\u00fap gi\u1ea3m chi ph\u00ed v\u1eadn h\u00e0nh.<\/li>\n<li>Nh\u1eefng t\u00ednh n\u0103ng n\u00e0y gi\u00fap m\u00e1y h\u00fat \u1ea9m Dorosin tr\u1edf th\u00e0nh m\u1ed9t gi\u1ea3i ph\u00e1p ho\u00e0n h\u1ea3o \u0111\u1ec3 ki\u1ec3m so\u00e1t \u0111\u1ed9 \u1ea9m, b\u1ea3o v\u1ec7 s\u1ee9c kh\u1ecfe v\u00e0 duy tr\u00ec m\u00f4i tr\u01b0\u1eddng s\u1ed1ng tho\u1ea3i m\u00e1i.<\/li>\n<\/ul>\n<\/li>\n<\/ul>\n","protected":false},"excerpt":{"rendered":"<p><strong>\ud83d\udccf Th\u00f4ng S\u1ed1, K\u00edch Th\u01b0\u1edbc v\u00e0 Tr\u1ecdng L\u01b0\u1ee3ng<\/strong>:<\/p>\n<table>\n<tbody>\n<tr>\n<td width=\"390\">C\u00f4ng su\u1ea5t h\u00fat \u1ea9m<\/td>\n<td width=\"390\">21l\/D (27\u0111\u1ed9 C RH60% )<\/p>\n<p>11,3l\/D (30\u0111\u1ed9 C RH80% )<\/td>\n<\/tr>\n<tr>\n<td width=\"390\">\u0110i\u1ec7n \u00e1p \u0111\u1ecbnh m\u1ee9c<\/td>\n<td width=\"390\">220v<\/td>\n<\/tr>\n<tr>\n<td width=\"390\">T\u1ea7n s\u1ed1 \u0111\u1ecbnh m\u1ee9c<\/td>\n<td width=\"390\">50Hz<\/td>\n<\/tr>\n<tr>\n<td width=\"390\">C\u00f4ng su\u1ea5t \u0111\u1ea7u v\u00e0o \u0111\u1ecbnh m\u1ee9c<\/td>\n<td width=\"390\">293W (27 \u0111\u1ed9 C RH60% )<\/td>\n<\/tr>\n<tr>\n<td width=\"390\">D\u00f2ng \u0111i\u1ec7n \u0111\u1ea7u v\u00e0o \u0111\u1ecbnh m\u1ee9c<\/td>\n<td width=\"390\">1,26A (27 \u0111\u1ed9 C RH60% )<\/td>\n<\/tr>\n<tr>\n<td width=\"390\">C\u00f4ng su\u1ea5t \u0111\u1ea7u v\u00e0o \u0111\u1ecbnh m\u1ee9c t\u1ed1i \u0111a<\/td>\n<td width=\"390\">400W (30 \u0111\u1ed9 C RH80% )<\/td>\n<\/tr>\n<tr>\n<td width=\"390\">D\u00f2ng \u0111i\u1ec7n \u0111\u1ea7u v\u00e0o \u0111\u1ecbnh m\u1ee9c t\u1ed1i \u0111a<\/td>\n<td width=\"390\">1,82A (30 \u0111\u1ed9 C RH80% )<\/td>\n<\/tr>\n<tr>\n<td width=\"390\">Dung t\u00edch b\u00ecnh ch\u1ee9a n\u01b0\u1edbc<\/td>\n<td width=\"390\">5L<\/td>\n<\/tr>\n<tr>\n<td width=\"390\">\u0110\u1ed9 \u1ed3n<\/td>\n<td width=\"390\">&lt; 38dB(A)<\/td>\n<\/tr>\n<\/tbody>\n<\/table>\n<ul>\n<li><strong>K\u00edch th\u01b0\u1edbc m\u00e1y<\/strong>: 380 x 229 x 595 (mm)<\/li>\n<li><strong>K\u00edch th\u01b0\u1edbc bao b\u00ec<\/strong>: 420 x 269 x 665 (mm)<\/li>\n<li><strong>Tr\u1ecdng l\u01b0\u1ee3ng sau \u0111\u00f3ng g\u00f3i<\/strong>:\u00a0<strong>14,7 kg<\/strong><\/li>\n<\/ul>\n","protected":false},"featured_media":805,"comment_status":"open","ping_status":"closed","template":"","meta":{"inline_featured_image":false},"product_brand":[],"product_cat":[15],"product_tag":[],"class_list":{"0":"post-804","1":"product","2":"type-product","3":"status-publish","4":"has-post-thumbnail","6":"product_cat-may-hut-am","8":"first","9":"instock","10":"sale","11":"shipping-taxable","12":"purchasable","13":"product-type-simple"},"_links":{"self":[{"href":"https:\/\/fujiroki.vn\/index.php?rest_route=\/wp\/v2\/product\/804","targetHints":{"allow":["GET"]}}],"collection":[{"href":"https:\/\/fujiroki.vn\/index.php?rest_route=\/wp\/v2\/product"}],"about":[{"href":"https:\/\/fujiroki.vn\/index.php?rest_route=\/wp\/v2\/types\/product"}],"replies":[{"embeddable":true,"href":"https:\/\/fujiroki.vn\/index.php?rest_route=%2Fwp%2Fv2%2Fcomments&post=804"}],"wp:featuredmedia":[{"embeddable":true,"href":"https:\/\/fujiroki.vn\/index.php?rest_route=\/wp\/v2\/media\/805"}],"wp:attachment":[{"href":"https:\/\/fujiroki.vn\/index.php?rest_route=%2Fwp%2Fv2%2Fmedia&parent=804"}],"wp:term":[{"taxonomy":"product_brand","embeddable":true,"href":"https:\/\/fujiroki.vn\/index.php?rest_route=%2Fwp%2Fv2%2Fproduct_brand&post=804"},{"taxonomy":"product_cat","embeddable":true,"href":"https:\/\/fujiroki.vn\/index.php?rest_route=%2Fwp%2Fv2%2Fproduct_cat&post=804"},{"taxonomy":"product_tag","embeddable":true,"href":"https:\/\/fujiroki.vn\/index.php?rest_route=%2Fwp%2Fv2%2Fproduct_tag&post=804"}],"curies":[{"name":"wp","href":"https:\/\/api.w.org\/{rel}","templated":true}]}}